{"id":94954,"date":"2023-09-03T15:02:35","date_gmt":"2023-09-03T15:02:35","guid":{"rendered":"http:\/\/madridurbanvibes.com\/search\/"},"modified":"2023-09-03T15:02:35","modified_gmt":"2023-09-03T15:02:35","slug":"search","status":"publish","type":"page","link":"https:\/\/madridurbanvibes.com\/en\/search\/","title":{"rendered":"Search"},"content":{"rendered":"\t\t<div data-elementor-type=\"wp-page\" data-elementor-id=\"94954\" class=\"elementor elementor-94954 elementor-1583\" data-elementor-post-type=\"page\">\n\t\t\t\t\t\t<section class=\"elementor-section elementor-top-section elementor-element elementor-element-1ef6e0d elementor-section-boxed elementor-section-height-default elementor-section-height-default\" data-id=\"1ef6e0d\" data-element_type=\"section\" data-e-type=\"section\" data-settings=\"{&quot;ekit_has_onepagescroll_dot&quot;:&quot;yes&quot;}\">\n\t\t\t\t\t\t<div class=\"elementor-container elementor-column-gap-default\">\n\t\t\t\t\t<div class=\"elementor-column elementor-col-100 elementor-top-column elementor-element elementor-element-1173d71\" data-id=\"1173d71\" data-element_type=\"column\" data-e-type=\"column\">\n\t\t\t<div class=\"elementor-widget-wrap\">\n\t\t\t\t\t\t\t<\/div>\n\t\t<\/div>\n\t\t\t\t\t<\/div>\n\t\t<\/section>\n\t\t\t\t<section class=\"elementor-section elementor-top-section elementor-element elementor-element-9c7761a elementor-section-boxed elementor-section-height-default elementor-section-height-default\" data-id=\"9c7761a\" data-element_type=\"section\" data-e-type=\"section\" data-settings=\"{&quot;ekit_has_onepagescroll_dot&quot;:&quot;yes&quot;}\">\n\t\t\t\t\t\t<div class=\"elementor-container elementor-column-gap-default\">\n\t\t\t\t\t<div class=\"elementor-column elementor-col-100 elementor-top-column elementor-element elementor-element-f47b8cf\" data-id=\"f47b8cf\" data-element_type=\"column\" data-e-type=\"column\">\n\t\t\t<div class=\"elementor-widget-wrap\">\n\t\t\t\t\t\t\t<\/div>\n\t\t<\/div>\n\t\t\t\t\t<\/div>\n\t\t<\/section>\n\t\t\t\t<\/div>\n\t\t","protected":false},"excerpt":{"rendered":"<p>Selecciona Categor\u00edaBebidasComida y BebidasConciertoCulturaDeporteEcotourismoEscapadasFestivalFiestaIdiomasM\u00fasicaNaturalezaOtrosSenderismoViajesVida Nocturna Cualquier FechaHoyMa\u00f1anaEsta SemanaEste FindeSiguiente SemanaSiguiente Mes All CitiesBarcelonaMadridValencia Select PriceFreeHigh PriceLow PricePaid Select Select Vida Nocturna WETnessday! University Party \u2013 Barra libre Mi\u00e9, 06\/09\/2023, 23:59Europe\/Madrid Madrid , Spain Comprar Entrada Gratis Senderismo Ruta a Caballo + Vinos &#038; Quesos &#8211; Sab &#8211; 23 Sep S\u00e1b, 23\/09\/2023, 10:45Europe\/Madrid Madrid Comprar Entrada [&hellip;]<\/p>\n","protected":false},"author":1,"featured_media":94957,"parent":0,"menu_order":0,"comment_status":"closed","ping_status":"closed","template":"elementor_header_footer","meta":{"footnotes":""},"class_list":["post-94954","page","type-page","status-publish","has-post-thumbnail","hentry"],"yoast_head":"<!-- This site is optimized with the Yoast SEO plugin v27.4 - https:\/\/yoast.com\/product\/yoast-seo-wordpress\/ -->\n<title>Search &#8226; Madrid Urban Vibes<\/title>\n<meta name=\"robots\" content=\"index, follow, max-snippet:-1, max-image-preview:large, max-video-preview:-1\" \/>\n<link rel=\"canonical\" href=\"https:\/\/madridurbanvibes.com\/en\/search\/\" \/>\n<meta property=\"og:locale\" content=\"en_US\" \/>\n<meta property=\"og:type\" content=\"article\" \/>\n<meta property=\"og:title\" content=\"Search &#8226; Madrid Urban Vibes\" \/>\n<meta property=\"og:description\" content=\"Selecciona Categor\u00edaBebidasComida y BebidasConciertoCulturaDeporteEcotourismoEscapadasFestivalFiestaIdiomasM\u00fasicaNaturalezaOtrosSenderismoViajesVida Nocturna Cualquier FechaHoyMa\u00f1anaEsta SemanaEste FindeSiguiente SemanaSiguiente Mes All CitiesBarcelonaMadridValencia Select PriceFreeHigh PriceLow PricePaid Select Select Vida Nocturna WETnessday! University Party \u2013 Barra libre Mi\u00e9, 06\/09\/2023, 23:59Europe\/Madrid Madrid , Spain Comprar Entrada Gratis Senderismo Ruta a Caballo + Vinos &#038; Quesos &#8211; Sab &#8211; 23 Sep S\u00e1b, 23\/09\/2023, 10:45Europe\/Madrid Madrid Comprar Entrada [&hellip;]\" \/>\n<meta property=\"og:url\" content=\"https:\/\/madridurbanvibes.com\/en\/search\/\" \/>\n<meta property=\"og:site_name\" content=\"Madrid Urban Vibes\" \/>\n<meta property=\"article:publisher\" content=\"https:\/\/www.facebook.com\/essentialsmad\" \/>\n<meta property=\"og:image\" content=\"https:\/\/madridurbanvibes.com\/wp-content\/uploads\/2019\/06\/Cuenca.jpg\" \/>\n\t<meta property=\"og:image:width\" content=\"1447\" \/>\n\t<meta property=\"og:image:height\" content=\"965\" \/>\n\t<meta property=\"og:image:type\" content=\"image\/jpeg\" \/>\n<meta name=\"twitter:card\" content=\"summary_large_image\" \/>\n<meta name=\"twitter:label1\" content=\"Est. reading time\" \/>\n\t<meta name=\"twitter:data1\" content=\"1 minute\" \/>\n<script type=\"application\/ld+json\" class=\"yoast-schema-graph\">{\"@context\":\"https:\\\/\\\/schema.org\",\"@graph\":[{\"@type\":\"WebPage\",\"@id\":\"https:\\\/\\\/madridurbanvibes.com\\\/en\\\/search\\\/\",\"url\":\"https:\\\/\\\/madridurbanvibes.com\\\/en\\\/search\\\/\",\"name\":\"Search &#8226; Madrid Urban Vibes\",\"isPartOf\":{\"@id\":\"https:\\\/\\\/madridurbanvibes.com\\\/en\\\/#website\"},\"primaryImageOfPage\":{\"@id\":\"https:\\\/\\\/madridurbanvibes.com\\\/en\\\/search\\\/#primaryimage\"},\"image\":{\"@id\":\"https:\\\/\\\/madridurbanvibes.com\\\/en\\\/search\\\/#primaryimage\"},\"thumbnailUrl\":\"https:\\\/\\\/madridurbanvibes.com\\\/wp-content\\\/uploads\\\/2019\\\/06\\\/Cuenca.jpg\",\"datePublished\":\"2023-09-03T15:02:35+00:00\",\"breadcrumb\":{\"@id\":\"https:\\\/\\\/madridurbanvibes.com\\\/en\\\/search\\\/#breadcrumb\"},\"inLanguage\":\"en-US\",\"potentialAction\":[{\"@type\":\"ReadAction\",\"target\":[\"https:\\\/\\\/madridurbanvibes.com\\\/en\\\/search\\\/\"]}]},{\"@type\":\"ImageObject\",\"inLanguage\":\"en-US\",\"@id\":\"https:\\\/\\\/madridurbanvibes.com\\\/en\\\/search\\\/#primaryimage\",\"url\":\"https:\\\/\\\/madridurbanvibes.com\\\/wp-content\\\/uploads\\\/2019\\\/06\\\/Cuenca.jpg\",\"contentUrl\":\"https:\\\/\\\/madridurbanvibes.com\\\/wp-content\\\/uploads\\\/2019\\\/06\\\/Cuenca.jpg\",\"width\":1447,\"height\":965},{\"@type\":\"BreadcrumbList\",\"@id\":\"https:\\\/\\\/madridurbanvibes.com\\\/en\\\/search\\\/#breadcrumb\",\"itemListElement\":[{\"@type\":\"ListItem\",\"position\":1,\"name\":\"Home\",\"item\":\"https:\\\/\\\/madridurbanvibes.com\\\/en\\\/\"},{\"@type\":\"ListItem\",\"position\":2,\"name\":\"Search\"}]},{\"@type\":\"WebSite\",\"@id\":\"https:\\\/\\\/madridurbanvibes.com\\\/en\\\/#website\",\"url\":\"https:\\\/\\\/madridurbanvibes.com\\\/en\\\/\",\"name\":\"Madrid Urban Vibes\",\"description\":\"Experiencias, tours, eventos y actividades en Madrid\",\"publisher\":{\"@id\":\"https:\\\/\\\/madridurbanvibes.com\\\/en\\\/#organization\"},\"potentialAction\":[{\"@type\":\"SearchAction\",\"target\":{\"@type\":\"EntryPoint\",\"urlTemplate\":\"https:\\\/\\\/madridurbanvibes.com\\\/en\\\/?s={search_term_string}\"},\"query-input\":{\"@type\":\"PropertyValueSpecification\",\"valueRequired\":true,\"valueName\":\"search_term_string\"}}],\"inLanguage\":\"en-US\"},{\"@type\":\"Organization\",\"@id\":\"https:\\\/\\\/madridurbanvibes.com\\\/en\\\/#organization\",\"name\":\"Madrid Urban Vibes\",\"url\":\"https:\\\/\\\/madridurbanvibes.com\\\/en\\\/\",\"logo\":{\"@type\":\"ImageObject\",\"inLanguage\":\"en-US\",\"@id\":\"https:\\\/\\\/madridurbanvibes.com\\\/en\\\/#\\\/schema\\\/logo\\\/image\\\/\",\"url\":\"http:\\\/\\\/madridurbanvibes.com\\\/wp-content\\\/uploads\\\/2018\\\/12\\\/Madrid-Urban-Vibes-Logo.jpg\",\"contentUrl\":\"http:\\\/\\\/madridurbanvibes.com\\\/wp-content\\\/uploads\\\/2018\\\/12\\\/Madrid-Urban-Vibes-Logo.jpg\",\"width\":164,\"height\":105,\"caption\":\"Madrid Urban Vibes\"},\"image\":{\"@id\":\"https:\\\/\\\/madridurbanvibes.com\\\/en\\\/#\\\/schema\\\/logo\\\/image\\\/\"},\"sameAs\":[\"https:\\\/\\\/www.facebook.com\\\/essentialsmad\",\"https:\\\/\\\/www.instagram.com\\\/madrid_urbanvibes\\\/\"]}]}<\/script>\n<!-- \/ Yoast SEO plugin. -->","yoast_head_json":{"title":"Search &#8226; Madrid Urban Vibes","robots":{"index":"index","follow":"follow","max-snippet":"max-snippet:-1","max-image-preview":"max-image-preview:large","max-video-preview":"max-video-preview:-1"},"canonical":"https:\/\/madridurbanvibes.com\/en\/search\/","og_locale":"en_US","og_type":"article","og_title":"Search &#8226; Madrid Urban Vibes","og_description":"Selecciona Categor\u00edaBebidasComida y BebidasConciertoCulturaDeporteEcotourismoEscapadasFestivalFiestaIdiomasM\u00fasicaNaturalezaOtrosSenderismoViajesVida Nocturna Cualquier FechaHoyMa\u00f1anaEsta SemanaEste FindeSiguiente SemanaSiguiente Mes All CitiesBarcelonaMadridValencia Select PriceFreeHigh PriceLow PricePaid Select Select Vida Nocturna WETnessday! University Party \u2013 Barra libre Mi\u00e9, 06\/09\/2023, 23:59Europe\/Madrid Madrid , Spain Comprar Entrada Gratis Senderismo Ruta a Caballo + Vinos &#038; Quesos &#8211; Sab &#8211; 23 Sep S\u00e1b, 23\/09\/2023, 10:45Europe\/Madrid Madrid Comprar Entrada [&hellip;]","og_url":"https:\/\/madridurbanvibes.com\/en\/search\/","og_site_name":"Madrid Urban Vibes","article_publisher":"https:\/\/www.facebook.com\/essentialsmad","og_image":[{"width":1447,"height":965,"url":"https:\/\/madridurbanvibes.com\/wp-content\/uploads\/2019\/06\/Cuenca.jpg","type":"image\/jpeg"}],"twitter_card":"summary_large_image","twitter_misc":{"Est. reading time":"1 minute"},"schema":{"@context":"https:\/\/schema.org","@graph":[{"@type":"WebPage","@id":"https:\/\/madridurbanvibes.com\/en\/search\/","url":"https:\/\/madridurbanvibes.com\/en\/search\/","name":"Search &#8226; Madrid Urban Vibes","isPartOf":{"@id":"https:\/\/madridurbanvibes.com\/en\/#website"},"primaryImageOfPage":{"@id":"https:\/\/madridurbanvibes.com\/en\/search\/#primaryimage"},"image":{"@id":"https:\/\/madridurbanvibes.com\/en\/search\/#primaryimage"},"thumbnailUrl":"https:\/\/madridurbanvibes.com\/wp-content\/uploads\/2019\/06\/Cuenca.jpg","datePublished":"2023-09-03T15:02:35+00:00","breadcrumb":{"@id":"https:\/\/madridurbanvibes.com\/en\/search\/#breadcrumb"},"inLanguage":"en-US","potentialAction":[{"@type":"ReadAction","target":["https:\/\/madridurbanvibes.com\/en\/search\/"]}]},{"@type":"ImageObject","inLanguage":"en-US","@id":"https:\/\/madridurbanvibes.com\/en\/search\/#primaryimage","url":"https:\/\/madridurbanvibes.com\/wp-content\/uploads\/2019\/06\/Cuenca.jpg","contentUrl":"https:\/\/madridurbanvibes.com\/wp-content\/uploads\/2019\/06\/Cuenca.jpg","width":1447,"height":965},{"@type":"BreadcrumbList","@id":"https:\/\/madridurbanvibes.com\/en\/search\/#breadcrumb","itemListElement":[{"@type":"ListItem","position":1,"name":"Home","item":"https:\/\/madridurbanvibes.com\/en\/"},{"@type":"ListItem","position":2,"name":"Search"}]},{"@type":"WebSite","@id":"https:\/\/madridurbanvibes.com\/en\/#website","url":"https:\/\/madridurbanvibes.com\/en\/","name":"Madrid Urban Vibes","description":"Experiencias, tours, eventos y actividades en Madrid","publisher":{"@id":"https:\/\/madridurbanvibes.com\/en\/#organization"},"potentialAction":[{"@type":"SearchAction","target":{"@type":"EntryPoint","urlTemplate":"https:\/\/madridurbanvibes.com\/en\/?s={search_term_string}"},"query-input":{"@type":"PropertyValueSpecification","valueRequired":true,"valueName":"search_term_string"}}],"inLanguage":"en-US"},{"@type":"Organization","@id":"https:\/\/madridurbanvibes.com\/en\/#organization","name":"Madrid Urban Vibes","url":"https:\/\/madridurbanvibes.com\/en\/","logo":{"@type":"ImageObject","inLanguage":"en-US","@id":"https:\/\/madridurbanvibes.com\/en\/#\/schema\/logo\/image\/","url":"http:\/\/madridurbanvibes.com\/wp-content\/uploads\/2018\/12\/Madrid-Urban-Vibes-Logo.jpg","contentUrl":"http:\/\/madridurbanvibes.com\/wp-content\/uploads\/2018\/12\/Madrid-Urban-Vibes-Logo.jpg","width":164,"height":105,"caption":"Madrid Urban Vibes"},"image":{"@id":"https:\/\/madridurbanvibes.com\/en\/#\/schema\/logo\/image\/"},"sameAs":["https:\/\/www.facebook.com\/essentialsmad","https:\/\/www.instagram.com\/madrid_urbanvibes\/"]}]}},"_links":{"self":[{"href":"https:\/\/madridurbanvibes.com\/en\/wp-json\/wp\/v2\/pages\/94954","targetHints":{"allow":["GET"]}}],"collection":[{"href":"https:\/\/madridurbanvibes.com\/en\/wp-json\/wp\/v2\/pages"}],"about":[{"href":"https:\/\/madridurbanvibes.com\/en\/wp-json\/wp\/v2\/types\/page"}],"author":[{"embeddable":true,"href":"https:\/\/madridurbanvibes.com\/en\/wp-json\/wp\/v2\/users\/1"}],"replies":[{"embeddable":true,"href":"https:\/\/madridurbanvibes.com\/en\/wp-json\/wp\/v2\/comments?post=94954"}],"version-history":[{"count":1,"href":"https:\/\/madridurbanvibes.com\/en\/wp-json\/wp\/v2\/pages\/94954\/revisions"}],"predecessor-version":[{"id":94958,"href":"https:\/\/madridurbanvibes.com\/en\/wp-json\/wp\/v2\/pages\/94954\/revisions\/94958"}],"wp:featuredmedia":[{"embeddable":true,"href":"https:\/\/madridurbanvibes.com\/en\/wp-json\/wp\/v2\/media\/94957"}],"wp:attachment":[{"href":"https:\/\/madridurbanvibes.com\/en\/wp-json\/wp\/v2\/media?parent=94954"}],"curies":[{"name":"wp","href":"https:\/\/api.w.org\/{rel}","templated":true}]}}