{"id":94917,"date":"2023-09-03T11:58:34","date_gmt":"2023-09-03T11:58:34","guid":{"rendered":"http:\/\/madridurbanvibes.com\/activities\/"},"modified":"2024-09-22T03:16:52","modified_gmt":"2024-09-22T03:16:52","slug":"activities","status":"publish","type":"page","link":"https:\/\/madridurbanvibes.com\/en\/activities\/","title":{"rendered":"Activities"},"content":{"rendered":"\t\t<div data-elementor-type=\"wp-page\" data-elementor-id=\"94917\" class=\"elementor elementor-94917 elementor-94443\" data-elementor-post-type=\"page\">\n\t\t\t\t\t\t<section class=\"elementor-section elementor-top-section elementor-element elementor-element-42faf690 elementor-section-stretched elementor-section-boxed elementor-section-height-default elementor-section-height-default\" data-id=\"42faf690\" data-element_type=\"section\" data-e-type=\"section\" data-settings=\"{&quot;stretch_section&quot;:&quot;section-stretched&quot;,&quot;background_background&quot;:&quot;classic&quot;,&quot;ekit_has_onepagescroll_dot&quot;:&quot;yes&quot;}\">\n\t\t\t\t\t\t<div class=\"elementor-container elementor-column-gap-default\">\n\t\t\t\t\t<div class=\"elementor-column elementor-col-100 elementor-top-column elementor-element elementor-element-4c041656\" data-id=\"4c041656\" data-element_type=\"column\" data-e-type=\"column\">\n\t\t\t<div class=\"elementor-widget-wrap elementor-element-populated\">\n\t\t\t\t\t\t<div class=\"elementor-element elementor-element-2604b983 elementor-widget elementor-widget-heading\" data-id=\"2604b983\" data-element_type=\"widget\" data-e-type=\"widget\" data-settings=\"{&quot;ekit_we_effect_on&quot;:&quot;none&quot;}\" data-widget_type=\"heading.default\">\n\t\t\t\t<div class=\"elementor-widget-container\">\n\t\t\t\t\t<h2 class=\"elementor-heading-title elementor-size-default\">Activities<\/h2>\t\t\t\t<\/div>\n\t\t\t\t<\/div>\n\t\t\t\t<section class=\"elementor-section elementor-inner-section elementor-element elementor-element-f53bd44 elementor-section-boxed elementor-section-height-default elementor-section-height-default\" data-id=\"f53bd44\" data-element_type=\"section\" data-e-type=\"section\" data-settings=\"{&quot;ekit_has_onepagescroll_dot&quot;:&quot;yes&quot;}\">\n\t\t\t\t\t\t<div class=\"elementor-container elementor-column-gap-default\">\n\t\t\t\t\t<div class=\"elementor-column elementor-col-100 elementor-inner-column elementor-element elementor-element-cd98e76\" data-id=\"cd98e76\" data-element_type=\"column\" data-e-type=\"column\">\n\t\t\t<div class=\"elementor-widget-wrap\">\n\t\t\t\t\t\t\t<\/div>\n\t\t<\/div>\n\t\t\t\t\t<\/div>\n\t\t<\/section>\n\t\t\t\t\t<\/div>\n\t\t<\/div>\n\t\t\t\t\t<\/div>\n\t\t<\/section>\n\t\t\t\t<section class=\"elementor-section elementor-top-section elementor-element elementor-element-3bf6d4bf elementor-section-stretched elementor-section-boxed elementor-section-height-default elementor-section-height-default\" data-id=\"3bf6d4bf\" data-element_type=\"section\" data-e-type=\"section\" data-settings=\"{&quot;stretch_section&quot;:&quot;section-stretched&quot;,&quot;ekit_has_onepagescroll_dot&quot;:&quot;yes&quot;}\">\n\t\t\t\t\t\t<div class=\"elementor-container elementor-column-gap-default\">\n\t\t\t\t\t<div class=\"elementor-column elementor-col-100 elementor-top-column elementor-element elementor-element-7b9bb3f6\" data-id=\"7b9bb3f6\" data-element_type=\"column\" data-e-type=\"column\">\n\t\t\t<div class=\"elementor-widget-wrap elementor-element-populated\">\n\t\t\t\t\t\t<div class=\"elementor-element elementor-element-b277b03 elementor-widget elementor-widget-image\" data-id=\"b277b03\" data-element_type=\"widget\" data-e-type=\"widget\" data-settings=\"{&quot;ekit_we_effect_on&quot;:&quot;none&quot;}\" data-widget_type=\"image.default\">\n\t\t\t\t<div class=\"elementor-widget-container\">\n\t\t\t\t\t\t\t\t\t\t\t\t\t\t\t\t<a href=\"https:\/\/www.travelvibes.es\/\">\n\t\t\t\t\t\t\t<img fetchpriority=\"high\" decoding=\"async\" width=\"1150\" height=\"400\" src=\"https:\/\/madridurbanvibes.com\/wp-content\/uploads\/2023\/08\/Cover-pagina-viajes.jpg\" class=\"elementor-animation-grow-rotate attachment-large size-large wp-image-94440\" alt=\"\" \/>\t\t\t\t\t\t\t\t<\/a>\n\t\t\t\t\t\t\t\t\t\t\t\t\t\t\t<\/div>\n\t\t\t\t<\/div>\n\t\t\t\t\t<\/div>\n\t\t<\/div>\n\t\t\t\t\t<\/div>\n\t\t<\/section>\n\t\t\t\t<section class=\"elementor-section elementor-top-section elementor-element elementor-element-4fc9d60 elementor-section-boxed elementor-section-height-default elementor-section-height-default\" data-id=\"4fc9d60\" data-element_type=\"section\" data-e-type=\"section\" data-settings=\"{&quot;ekit_has_onepagescroll_dot&quot;:&quot;yes&quot;}\">\n\t\t\t\t\t\t<div class=\"elementor-container elementor-column-gap-default\">\n\t\t\t\t\t<div class=\"elementor-column elementor-col-100 elementor-top-column elementor-element elementor-element-2462120\" data-id=\"2462120\" data-element_type=\"column\" data-e-type=\"column\">\n\t\t\t<div class=\"elementor-widget-wrap\">\n\t\t\t\t\t\t\t<\/div>\n\t\t<\/div>\n\t\t\t\t\t<\/div>\n\t\t<\/section>\n\t\t\t\t<\/div>\n\t\t","protected":false},"excerpt":{"rendered":"<p>Activities Cualquier FechaHoyMa\u00f1anaEsta SemanaEste FindeSiguiente SemanaSiguiente Mes Selecciona Categor\u00edaBebidasComida y BebidasConciertoCulturaDeporteEcotourismoEscapadasFestivalFiestaIdiomasM\u00fasicaNaturalezaOtrosSenderismoToursViajes Todos Bebidas Comida y Bebidas Cultura Deporte Fiesta Idiomas M\u00fasica Naturaleza Senderismo Tours Viajes Senderismo Las Cascadas del Hervidero \u201cBosque Magico\u201d \u2013 22 Dom, 22\/09\/2024, 09:30Europe\/Madrid Comprar Entrada &euro;12.00 Deporte Tours Entradas: Tour Santiago Bernab\u00e9u Dom, 22\/09\/2024, 10:00Europe\/Madrid Comprar Entrada &euro;29.00 Tours Atl\u00e9tico de [&hellip;]<\/p>\n","protected":false},"author":1,"featured_media":19269,"parent":0,"menu_order":0,"comment_status":"closed","ping_status":"closed","template":"elementor_header_footer","meta":{"footnotes":""},"class_list":["post-94917","page","type-page","status-publish","has-post-thumbnail","hentry"],"yoast_head":"<!-- This site is optimized with the Yoast SEO plugin v27.3 - https:\/\/yoast.com\/product\/yoast-seo-wordpress\/ -->\n<title>Activities &#8226; Madrid Urban Vibes<\/title>\n<meta name=\"description\" content=\"Experiences, tours, activities, events, blog and news about Madrid\" \/>\n<meta name=\"robots\" content=\"index, follow, max-snippet:-1, max-image-preview:large, max-video-preview:-1\" \/>\n<link rel=\"canonical\" href=\"https:\/\/madridurbanvibes.com\/en\/activities\/\" \/>\n<meta property=\"og:locale\" content=\"en_US\" \/>\n<meta property=\"og:type\" content=\"article\" \/>\n<meta property=\"og:title\" content=\"Activities &#8226; Madrid Urban Vibes\" \/>\n<meta property=\"og:description\" content=\"Experiences, tours, activities, events, blog and news about Madrid\" \/>\n<meta property=\"og:url\" content=\"https:\/\/madridurbanvibes.com\/en\/activities\/\" \/>\n<meta property=\"og:site_name\" content=\"Madrid Urban Vibes\" \/>\n<meta property=\"article:publisher\" content=\"https:\/\/www.facebook.com\/essentialsmad\" \/>\n<meta property=\"article:modified_time\" content=\"2024-09-22T03:16:52+00:00\" \/>\n<meta property=\"og:image\" content=\"https:\/\/madridurbanvibes.com\/wp-content\/uploads\/2021\/05\/cover-actividades-page-muv-4.jpg\" \/>\n\t<meta property=\"og:image:width\" content=\"1350\" \/>\n\t<meta property=\"og:image:height\" content=\"400\" \/>\n\t<meta property=\"og:image:type\" content=\"image\/jpeg\" \/>\n<meta name=\"twitter:card\" content=\"summary_large_image\" \/>\n<meta name=\"twitter:label1\" content=\"Est. reading time\" \/>\n\t<meta name=\"twitter:data1\" content=\"13 minutes\" \/>\n<script type=\"application\/ld+json\" class=\"yoast-schema-graph\">{\"@context\":\"https:\\\/\\\/schema.org\",\"@graph\":[{\"@type\":\"WebPage\",\"@id\":\"https:\\\/\\\/madridurbanvibes.com\\\/en\\\/activities\\\/\",\"url\":\"https:\\\/\\\/madridurbanvibes.com\\\/en\\\/activities\\\/\",\"name\":\"Activities &#8226; Madrid Urban Vibes\",\"isPartOf\":{\"@id\":\"https:\\\/\\\/madridurbanvibes.com\\\/#website\"},\"primaryImageOfPage\":{\"@id\":\"https:\\\/\\\/madridurbanvibes.com\\\/en\\\/activities\\\/#primaryimage\"},\"image\":{\"@id\":\"https:\\\/\\\/madridurbanvibes.com\\\/en\\\/activities\\\/#primaryimage\"},\"thumbnailUrl\":\"https:\\\/\\\/madridurbanvibes.com\\\/wp-content\\\/uploads\\\/2021\\\/05\\\/cover-actividades-page-muv-4.jpg\",\"datePublished\":\"2023-09-03T11:58:34+00:00\",\"dateModified\":\"2024-09-22T03:16:52+00:00\",\"description\":\"Experiences, tours, activities, events, blog and news about Madrid\",\"breadcrumb\":{\"@id\":\"https:\\\/\\\/madridurbanvibes.com\\\/en\\\/activities\\\/#breadcrumb\"},\"inLanguage\":\"en-US\",\"potentialAction\":[{\"@type\":\"ReadAction\",\"target\":[\"https:\\\/\\\/madridurbanvibes.com\\\/en\\\/activities\\\/\"]}]},{\"@type\":\"ImageObject\",\"inLanguage\":\"en-US\",\"@id\":\"https:\\\/\\\/madridurbanvibes.com\\\/en\\\/activities\\\/#primaryimage\",\"url\":\"https:\\\/\\\/madridurbanvibes.com\\\/wp-content\\\/uploads\\\/2021\\\/05\\\/cover-actividades-page-muv-4.jpg\",\"contentUrl\":\"https:\\\/\\\/madridurbanvibes.com\\\/wp-content\\\/uploads\\\/2021\\\/05\\\/cover-actividades-page-muv-4.jpg\",\"width\":1350,\"height\":400},{\"@type\":\"BreadcrumbList\",\"@id\":\"https:\\\/\\\/madridurbanvibes.com\\\/en\\\/activities\\\/#breadcrumb\",\"itemListElement\":[{\"@type\":\"ListItem\",\"position\":1,\"name\":\"Home\",\"item\":\"https:\\\/\\\/madridurbanvibes.com\\\/en\\\/\"},{\"@type\":\"ListItem\",\"position\":2,\"name\":\"Activities\"}]},{\"@type\":\"WebSite\",\"@id\":\"https:\\\/\\\/madridurbanvibes.com\\\/#website\",\"url\":\"https:\\\/\\\/madridurbanvibes.com\\\/\",\"name\":\"Madrid Urban Vibes\",\"description\":\"Experiencias, tours, eventos y actividades en Madrid\",\"publisher\":{\"@id\":\"https:\\\/\\\/madridurbanvibes.com\\\/#organization\"},\"potentialAction\":[{\"@type\":\"SearchAction\",\"target\":{\"@type\":\"EntryPoint\",\"urlTemplate\":\"https:\\\/\\\/madridurbanvibes.com\\\/?s={search_term_string}\"},\"query-input\":{\"@type\":\"PropertyValueSpecification\",\"valueRequired\":true,\"valueName\":\"search_term_string\"}}],\"inLanguage\":\"en-US\"},{\"@type\":\"Organization\",\"@id\":\"https:\\\/\\\/madridurbanvibes.com\\\/#organization\",\"name\":\"Madrid Urban Vibes\",\"url\":\"https:\\\/\\\/madridurbanvibes.com\\\/\",\"logo\":{\"@type\":\"ImageObject\",\"inLanguage\":\"en-US\",\"@id\":\"https:\\\/\\\/madridurbanvibes.com\\\/#\\\/schema\\\/logo\\\/image\\\/\",\"url\":\"http:\\\/\\\/madridurbanvibes.com\\\/wp-content\\\/uploads\\\/2018\\\/12\\\/Madrid-Urban-Vibes-Logo.jpg\",\"contentUrl\":\"http:\\\/\\\/madridurbanvibes.com\\\/wp-content\\\/uploads\\\/2018\\\/12\\\/Madrid-Urban-Vibes-Logo.jpg\",\"width\":164,\"height\":105,\"caption\":\"Madrid Urban Vibes\"},\"image\":{\"@id\":\"https:\\\/\\\/madridurbanvibes.com\\\/#\\\/schema\\\/logo\\\/image\\\/\"},\"sameAs\":[\"https:\\\/\\\/www.facebook.com\\\/essentialsmad\",\"https:\\\/\\\/www.instagram.com\\\/madrid_urbanvibes\\\/\"]}]}<\/script>\n<!-- \/ Yoast SEO plugin. -->","yoast_head_json":{"title":"Activities &#8226; Madrid Urban Vibes","description":"Experiences, tours, activities, events, blog and news about Madrid","robots":{"index":"index","follow":"follow","max-snippet":"max-snippet:-1","max-image-preview":"max-image-preview:large","max-video-preview":"max-video-preview:-1"},"canonical":"https:\/\/madridurbanvibes.com\/en\/activities\/","og_locale":"en_US","og_type":"article","og_title":"Activities &#8226; Madrid Urban Vibes","og_description":"Experiences, tours, activities, events, blog and news about Madrid","og_url":"https:\/\/madridurbanvibes.com\/en\/activities\/","og_site_name":"Madrid Urban Vibes","article_publisher":"https:\/\/www.facebook.com\/essentialsmad","article_modified_time":"2024-09-22T03:16:52+00:00","og_image":[{"width":1350,"height":400,"url":"https:\/\/madridurbanvibes.com\/wp-content\/uploads\/2021\/05\/cover-actividades-page-muv-4.jpg","type":"image\/jpeg"}],"twitter_card":"summary_large_image","twitter_misc":{"Est. reading time":"13 minutes"},"schema":{"@context":"https:\/\/schema.org","@graph":[{"@type":"WebPage","@id":"https:\/\/madridurbanvibes.com\/en\/activities\/","url":"https:\/\/madridurbanvibes.com\/en\/activities\/","name":"Activities &#8226; Madrid Urban Vibes","isPartOf":{"@id":"https:\/\/madridurbanvibes.com\/#website"},"primaryImageOfPage":{"@id":"https:\/\/madridurbanvibes.com\/en\/activities\/#primaryimage"},"image":{"@id":"https:\/\/madridurbanvibes.com\/en\/activities\/#primaryimage"},"thumbnailUrl":"https:\/\/madridurbanvibes.com\/wp-content\/uploads\/2021\/05\/cover-actividades-page-muv-4.jpg","datePublished":"2023-09-03T11:58:34+00:00","dateModified":"2024-09-22T03:16:52+00:00","description":"Experiences, tours, activities, events, blog and news about Madrid","breadcrumb":{"@id":"https:\/\/madridurbanvibes.com\/en\/activities\/#breadcrumb"},"inLanguage":"en-US","potentialAction":[{"@type":"ReadAction","target":["https:\/\/madridurbanvibes.com\/en\/activities\/"]}]},{"@type":"ImageObject","inLanguage":"en-US","@id":"https:\/\/madridurbanvibes.com\/en\/activities\/#primaryimage","url":"https:\/\/madridurbanvibes.com\/wp-content\/uploads\/2021\/05\/cover-actividades-page-muv-4.jpg","contentUrl":"https:\/\/madridurbanvibes.com\/wp-content\/uploads\/2021\/05\/cover-actividades-page-muv-4.jpg","width":1350,"height":400},{"@type":"BreadcrumbList","@id":"https:\/\/madridurbanvibes.com\/en\/activities\/#breadcrumb","itemListElement":[{"@type":"ListItem","position":1,"name":"Home","item":"https:\/\/madridurbanvibes.com\/en\/"},{"@type":"ListItem","position":2,"name":"Activities"}]},{"@type":"WebSite","@id":"https:\/\/madridurbanvibes.com\/#website","url":"https:\/\/madridurbanvibes.com\/","name":"Madrid Urban Vibes","description":"Experiencias, tours, eventos y actividades en Madrid","publisher":{"@id":"https:\/\/madridurbanvibes.com\/#organization"},"potentialAction":[{"@type":"SearchAction","target":{"@type":"EntryPoint","urlTemplate":"https:\/\/madridurbanvibes.com\/?s={search_term_string}"},"query-input":{"@type":"PropertyValueSpecification","valueRequired":true,"valueName":"search_term_string"}}],"inLanguage":"en-US"},{"@type":"Organization","@id":"https:\/\/madridurbanvibes.com\/#organization","name":"Madrid Urban Vibes","url":"https:\/\/madridurbanvibes.com\/","logo":{"@type":"ImageObject","inLanguage":"en-US","@id":"https:\/\/madridurbanvibes.com\/#\/schema\/logo\/image\/","url":"http:\/\/madridurbanvibes.com\/wp-content\/uploads\/2018\/12\/Madrid-Urban-Vibes-Logo.jpg","contentUrl":"http:\/\/madridurbanvibes.com\/wp-content\/uploads\/2018\/12\/Madrid-Urban-Vibes-Logo.jpg","width":164,"height":105,"caption":"Madrid Urban Vibes"},"image":{"@id":"https:\/\/madridurbanvibes.com\/#\/schema\/logo\/image\/"},"sameAs":["https:\/\/www.facebook.com\/essentialsmad","https:\/\/www.instagram.com\/madrid_urbanvibes\/"]}]}},"_links":{"self":[{"href":"https:\/\/madridurbanvibes.com\/en\/wp-json\/wp\/v2\/pages\/94917","targetHints":{"allow":["GET"]}}],"collection":[{"href":"https:\/\/madridurbanvibes.com\/en\/wp-json\/wp\/v2\/pages"}],"about":[{"href":"https:\/\/madridurbanvibes.com\/en\/wp-json\/wp\/v2\/types\/page"}],"author":[{"embeddable":true,"href":"https:\/\/madridurbanvibes.com\/en\/wp-json\/wp\/v2\/users\/1"}],"replies":[{"embeddable":true,"href":"https:\/\/madridurbanvibes.com\/en\/wp-json\/wp\/v2\/comments?post=94917"}],"version-history":[{"count":2,"href":"https:\/\/madridurbanvibes.com\/en\/wp-json\/wp\/v2\/pages\/94917\/revisions"}],"predecessor-version":[{"id":130487,"href":"https:\/\/madridurbanvibes.com\/en\/wp-json\/wp\/v2\/pages\/94917\/revisions\/130487"}],"wp:featuredmedia":[{"embeddable":true,"href":"https:\/\/madridurbanvibes.com\/en\/wp-json\/wp\/v2\/media\/19269"}],"wp:attachment":[{"href":"https:\/\/madridurbanvibes.com\/en\/wp-json\/wp\/v2\/media?parent=94917"}],"curies":[{"name":"wp","href":"https:\/\/api.w.org\/{rel}","templated":true}]}}